{"id":9273,"date":"2026-04-27T11:14:52","date_gmt":"2026-04-27T09:14:52","guid":{"rendered":"https:\/\/esg.erste.pl\/serwis\/?page_id=9273"},"modified":"2026-04-27T11:22:58","modified_gmt":"2026-04-27T09:22:58","slug":"kontakt","status":"publish","type":"page","link":"https:\/\/esg.erste.pl\/serwis\/kontakt\/","title":{"rendered":"Kontakt"},"content":{"rendered":"","protected":false},"excerpt":{"rendered":"","protected":false},"author":2,"featured_media":0,"parent":0,"menu_order":1,"comment_status":"closed","ping_status":"closed","template":"templates\/template-subpage.php","meta":{"_acf_changed":false,"footnotes":""},"sdg":[],"dictionary":[],"class_list":["post-9273","page","type-page","status-publish","hentry"],"acf":[],"yoast_head":"<!-- This site is optimized with the Yoast SEO plugin v27.4 - https:\/\/yoast.com\/product\/yoast-seo-wordpress\/ -->\n<title>Kontakt - ERSTE Serwis ESG<\/title>\n<meta name=\"robots\" content=\"index, follow, max-snippet:-1, max-image-preview:large, max-video-preview:-1\" \/>\n<link rel=\"canonical\" href=\"https:\/\/esg.erste.pl\/serwis\/kontakt\/\" \/>\n<meta property=\"og:locale\" content=\"pl_PL\" \/>\n<meta property=\"og:type\" content=\"article\" \/>\n<meta property=\"og:title\" content=\"Kontakt - ERSTE Serwis ESG\" \/>\n<meta property=\"og:url\" content=\"https:\/\/esg.erste.pl\/serwis\/kontakt\/\" \/>\n<meta property=\"og:site_name\" content=\"ERSTE Serwis ESG\" \/>\n<meta property=\"article:modified_time\" content=\"2026-04-27T09:22:58+00:00\" \/>\n<meta name=\"twitter:card\" content=\"summary_large_image\" \/>\n<script type=\"application\/ld+json\" class=\"yoast-schema-graph\">{\"@context\":\"https:\\\/\\\/schema.org\",\"@graph\":[{\"@type\":\"WebPage\",\"@id\":\"https:\\\/\\\/esg.erste.pl\\\/serwis\\\/kontakt\\\/\",\"url\":\"https:\\\/\\\/esg.erste.pl\\\/serwis\\\/kontakt\\\/\",\"name\":\"Kontakt - ERSTE Serwis ESG\",\"isPartOf\":{\"@id\":\"https:\\\/\\\/esg.erste.pl\\\/serwis\\\/#website\"},\"datePublished\":\"2026-04-27T09:14:52+00:00\",\"dateModified\":\"2026-04-27T09:22:58+00:00\",\"breadcrumb\":{\"@id\":\"https:\\\/\\\/esg.erste.pl\\\/serwis\\\/kontakt\\\/#breadcrumb\"},\"inLanguage\":\"pl-PL\",\"potentialAction\":[{\"@type\":\"ReadAction\",\"target\":[\"https:\\\/\\\/esg.erste.pl\\\/serwis\\\/kontakt\\\/\"]}]},{\"@type\":\"BreadcrumbList\",\"@id\":\"https:\\\/\\\/esg.erste.pl\\\/serwis\\\/kontakt\\\/#breadcrumb\",\"itemListElement\":[{\"@type\":\"ListItem\",\"position\":1,\"name\":\"Strona g\u0142\u00f3wna\",\"item\":\"https:\\\/\\\/esg.erste.pl\\\/serwis\\\/\"},{\"@type\":\"ListItem\",\"position\":2,\"name\":\"Kontakt\"}]},{\"@type\":\"WebSite\",\"@id\":\"https:\\\/\\\/esg.erste.pl\\\/serwis\\\/#website\",\"url\":\"https:\\\/\\\/esg.erste.pl\\\/serwis\\\/\",\"name\":\"ERSTE Serwis ESG\",\"description\":\"Pomimo pandemii nie zwolnili\u015bmy tempa w dzia\u0142aniach, kt\u00f3re umo\u017cliwiaj\u0105 nam i naszym klientom w byciu odpowiedzialnymi wobec \u015brodowiska i spo\u0142eczno\u015bci.\",\"potentialAction\":[{\"@type\":\"SearchAction\",\"target\":{\"@type\":\"EntryPoint\",\"urlTemplate\":\"https:\\\/\\\/esg.erste.pl\\\/serwis\\\/?s={search_term_string}\"},\"query-input\":{\"@type\":\"PropertyValueSpecification\",\"valueRequired\":true,\"valueName\":\"search_term_string\"}}],\"inLanguage\":\"pl-PL\"}]}<\/script>\n<!-- \/ Yoast SEO plugin. -->","yoast_head_json":{"title":"Kontakt - ERSTE Serwis ESG","robots":{"index":"index","follow":"follow","max-snippet":"max-snippet:-1","max-image-preview":"max-image-preview:large","max-video-preview":"max-video-preview:-1"},"canonical":"https:\/\/esg.erste.pl\/serwis\/kontakt\/","og_locale":"pl_PL","og_type":"article","og_title":"Kontakt - ERSTE Serwis ESG","og_url":"https:\/\/esg.erste.pl\/serwis\/kontakt\/","og_site_name":"ERSTE Serwis ESG","article_modified_time":"2026-04-27T09:22:58+00:00","twitter_card":"summary_large_image","schema":{"@context":"https:\/\/schema.org","@graph":[{"@type":"WebPage","@id":"https:\/\/esg.erste.pl\/serwis\/kontakt\/","url":"https:\/\/esg.erste.pl\/serwis\/kontakt\/","name":"Kontakt - ERSTE Serwis ESG","isPartOf":{"@id":"https:\/\/esg.erste.pl\/serwis\/#website"},"datePublished":"2026-04-27T09:14:52+00:00","dateModified":"2026-04-27T09:22:58+00:00","breadcrumb":{"@id":"https:\/\/esg.erste.pl\/serwis\/kontakt\/#breadcrumb"},"inLanguage":"pl-PL","potentialAction":[{"@type":"ReadAction","target":["https:\/\/esg.erste.pl\/serwis\/kontakt\/"]}]},{"@type":"BreadcrumbList","@id":"https:\/\/esg.erste.pl\/serwis\/kontakt\/#breadcrumb","itemListElement":[{"@type":"ListItem","position":1,"name":"Strona g\u0142\u00f3wna","item":"https:\/\/esg.erste.pl\/serwis\/"},{"@type":"ListItem","position":2,"name":"Kontakt"}]},{"@type":"WebSite","@id":"https:\/\/esg.erste.pl\/serwis\/#website","url":"https:\/\/esg.erste.pl\/serwis\/","name":"ERSTE Serwis ESG","description":"Pomimo pandemii nie zwolnili\u015bmy tempa w dzia\u0142aniach, kt\u00f3re umo\u017cliwiaj\u0105 nam i naszym klientom w byciu odpowiedzialnymi wobec \u015brodowiska i spo\u0142eczno\u015bci.","potentialAction":[{"@type":"SearchAction","target":{"@type":"EntryPoint","urlTemplate":"https:\/\/esg.erste.pl\/serwis\/?s={search_term_string}"},"query-input":{"@type":"PropertyValueSpecification","valueRequired":true,"valueName":"search_term_string"}}],"inLanguage":"pl-PL"}]}},"_links":{"self":[{"href":"https:\/\/esg.erste.pl\/serwis\/wp-json\/wp\/v2\/pages\/9273","targetHints":{"allow":["GET"]}}],"collection":[{"href":"https:\/\/esg.erste.pl\/serwis\/wp-json\/wp\/v2\/pages"}],"about":[{"href":"https:\/\/esg.erste.pl\/serwis\/wp-json\/wp\/v2\/types\/page"}],"author":[{"embeddable":true,"href":"https:\/\/esg.erste.pl\/serwis\/wp-json\/wp\/v2\/users\/2"}],"replies":[{"embeddable":true,"href":"https:\/\/esg.erste.pl\/serwis\/wp-json\/wp\/v2\/comments?post=9273"}],"version-history":[{"count":5,"href":"https:\/\/esg.erste.pl\/serwis\/wp-json\/wp\/v2\/pages\/9273\/revisions"}],"predecessor-version":[{"id":9279,"href":"https:\/\/esg.erste.pl\/serwis\/wp-json\/wp\/v2\/pages\/9273\/revisions\/9279"}],"wp:attachment":[{"href":"https:\/\/esg.erste.pl\/serwis\/wp-json\/wp\/v2\/media?parent=9273"}],"wp:term":[{"taxonomy":"sdg","embeddable":true,"href":"https:\/\/esg.erste.pl\/serwis\/wp-json\/wp\/v2\/sdg?post=9273"},{"taxonomy":"dictionary","embeddable":true,"href":"https:\/\/esg.erste.pl\/serwis\/wp-json\/wp\/v2\/dictionary?post=9273"}],"curies":[{"name":"wp","href":"https:\/\/api.w.org\/{rel}","templated":true}]}}