{"id":9024,"date":"2026-03-23T09:11:36","date_gmt":"2026-03-23T08:11:36","guid":{"rendered":"https:\/\/esg.erste.pl\/serwis\/?page_id=9024"},"modified":"2026-04-24T15:25:19","modified_gmt":"2026-04-24T13:25:19","slug":"strona-glowna-serwis-esg-2-nowa","status":"publish","type":"page","link":"https:\/\/esg.erste.pl\/serwis\/","title":{"rendered":"Strona g\u0142\u00f3wna &#8211; serwis ESG (2 nowa)"},"content":{"rendered":"","protected":false},"excerpt":{"rendered":"","protected":false},"author":1,"featured_media":0,"parent":0,"menu_order":3,"comment_status":"closed","ping_status":"closed","template":"templates\/template-homepage-esg-2.php","meta":{"_acf_changed":false,"footnotes":""},"sdg":[],"dictionary":[],"class_list":["post-9024","page","type-page","status-publish","hentry"],"acf":[],"yoast_head":"<!-- This site is optimized with the Yoast SEO plugin v27.4 - https:\/\/yoast.com\/product\/yoast-seo-wordpress\/ -->\n<title>Strona g\u0142\u00f3wna - serwis ESG (2 nowa) - ERSTE Serwis ESG<\/title>\n<meta name=\"robots\" content=\"index, follow, max-snippet:-1, max-image-preview:large, max-video-preview:-1\" \/>\n<link rel=\"canonical\" href=\"https:\/\/esg.erste.pl\/serwis\/\" \/>\n<meta property=\"og:locale\" content=\"pl_PL\" \/>\n<meta property=\"og:type\" content=\"article\" \/>\n<meta property=\"og:title\" content=\"Strona g\u0142\u00f3wna - serwis ESG (2 nowa) - ERSTE Serwis ESG\" \/>\n<meta property=\"og:url\" content=\"https:\/\/esg.erste.pl\/serwis\/\" \/>\n<meta property=\"og:site_name\" content=\"ERSTE Serwis ESG\" \/>\n<meta property=\"article:modified_time\" content=\"2026-04-24T13:25:19+00:00\" \/>\n<meta name=\"twitter:card\" content=\"summary_large_image\" \/>\n<script type=\"application\/ld+json\" class=\"yoast-schema-graph\">{\"@context\":\"https:\\\/\\\/schema.org\",\"@graph\":[{\"@type\":\"WebPage\",\"@id\":\"https:\\\/\\\/esg.erste.pl\\\/serwis\\\/\",\"url\":\"https:\\\/\\\/esg.erste.pl\\\/serwis\\\/\",\"name\":\"Strona g\u0142\u00f3wna - serwis ESG (2 nowa) - ERSTE Serwis ESG\",\"isPartOf\":{\"@id\":\"https:\\\/\\\/esg.erste.pl\\\/serwis\\\/#website\"},\"datePublished\":\"2026-03-23T08:11:36+00:00\",\"dateModified\":\"2026-04-24T13:25:19+00:00\",\"breadcrumb\":{\"@id\":\"https:\\\/\\\/esg.erste.pl\\\/serwis\\\/#breadcrumb\"},\"inLanguage\":\"pl-PL\",\"potentialAction\":[{\"@type\":\"ReadAction\",\"target\":[\"https:\\\/\\\/esg.erste.pl\\\/serwis\\\/\"]}]},{\"@type\":\"BreadcrumbList\",\"@id\":\"https:\\\/\\\/esg.erste.pl\\\/serwis\\\/#breadcrumb\",\"itemListElement\":[{\"@type\":\"ListItem\",\"position\":1,\"name\":\"Strona g\u0142\u00f3wna\",\"item\":\"https:\\\/\\\/esg.erste.pl\\\/serwis\\\/\"},{\"@type\":\"ListItem\",\"position\":2,\"name\":\"Strona g\u0142\u00f3wna &#8211; serwis ESG (2 nowa)\"}]},{\"@type\":\"WebSite\",\"@id\":\"https:\\\/\\\/esg.erste.pl\\\/serwis\\\/#website\",\"url\":\"https:\\\/\\\/esg.erste.pl\\\/serwis\\\/\",\"name\":\"ERSTE Serwis ESG\",\"description\":\"Pomimo pandemii nie zwolnili\u015bmy tempa w dzia\u0142aniach, kt\u00f3re umo\u017cliwiaj\u0105 nam i naszym klientom w byciu odpowiedzialnymi wobec \u015brodowiska i spo\u0142eczno\u015bci.\",\"potentialAction\":[{\"@type\":\"SearchAction\",\"target\":{\"@type\":\"EntryPoint\",\"urlTemplate\":\"https:\\\/\\\/esg.erste.pl\\\/serwis\\\/?s={search_term_string}\"},\"query-input\":{\"@type\":\"PropertyValueSpecification\",\"valueRequired\":true,\"valueName\":\"search_term_string\"}}],\"inLanguage\":\"pl-PL\"}]}<\/script>\n<!-- \/ Yoast SEO plugin. -->","yoast_head_json":{"title":"Strona g\u0142\u00f3wna - serwis ESG (2 nowa) - ERSTE Serwis ESG","robots":{"index":"index","follow":"follow","max-snippet":"max-snippet:-1","max-image-preview":"max-image-preview:large","max-video-preview":"max-video-preview:-1"},"canonical":"https:\/\/esg.erste.pl\/serwis\/","og_locale":"pl_PL","og_type":"article","og_title":"Strona g\u0142\u00f3wna - serwis ESG (2 nowa) - ERSTE Serwis ESG","og_url":"https:\/\/esg.erste.pl\/serwis\/","og_site_name":"ERSTE Serwis ESG","article_modified_time":"2026-04-24T13:25:19+00:00","twitter_card":"summary_large_image","schema":{"@context":"https:\/\/schema.org","@graph":[{"@type":"WebPage","@id":"https:\/\/esg.erste.pl\/serwis\/","url":"https:\/\/esg.erste.pl\/serwis\/","name":"Strona g\u0142\u00f3wna - serwis ESG (2 nowa) - ERSTE Serwis ESG","isPartOf":{"@id":"https:\/\/esg.erste.pl\/serwis\/#website"},"datePublished":"2026-03-23T08:11:36+00:00","dateModified":"2026-04-24T13:25:19+00:00","breadcrumb":{"@id":"https:\/\/esg.erste.pl\/serwis\/#breadcrumb"},"inLanguage":"pl-PL","potentialAction":[{"@type":"ReadAction","target":["https:\/\/esg.erste.pl\/serwis\/"]}]},{"@type":"BreadcrumbList","@id":"https:\/\/esg.erste.pl\/serwis\/#breadcrumb","itemListElement":[{"@type":"ListItem","position":1,"name":"Strona g\u0142\u00f3wna","item":"https:\/\/esg.erste.pl\/serwis\/"},{"@type":"ListItem","position":2,"name":"Strona g\u0142\u00f3wna &#8211; serwis ESG (2 nowa)"}]},{"@type":"WebSite","@id":"https:\/\/esg.erste.pl\/serwis\/#website","url":"https:\/\/esg.erste.pl\/serwis\/","name":"ERSTE Serwis ESG","description":"Pomimo pandemii nie zwolnili\u015bmy tempa w dzia\u0142aniach, kt\u00f3re umo\u017cliwiaj\u0105 nam i naszym klientom w byciu odpowiedzialnymi wobec \u015brodowiska i spo\u0142eczno\u015bci.","potentialAction":[{"@type":"SearchAction","target":{"@type":"EntryPoint","urlTemplate":"https:\/\/esg.erste.pl\/serwis\/?s={search_term_string}"},"query-input":{"@type":"PropertyValueSpecification","valueRequired":true,"valueName":"search_term_string"}}],"inLanguage":"pl-PL"}]}},"_links":{"self":[{"href":"https:\/\/esg.erste.pl\/serwis\/wp-json\/wp\/v2\/pages\/9024","targetHints":{"allow":["GET"]}}],"collection":[{"href":"https:\/\/esg.erste.pl\/serwis\/wp-json\/wp\/v2\/pages"}],"about":[{"href":"https:\/\/esg.erste.pl\/serwis\/wp-json\/wp\/v2\/types\/page"}],"author":[{"embeddable":true,"href":"https:\/\/esg.erste.pl\/serwis\/wp-json\/wp\/v2\/users\/1"}],"replies":[{"embeddable":true,"href":"https:\/\/esg.erste.pl\/serwis\/wp-json\/wp\/v2\/comments?post=9024"}],"version-history":[{"count":51,"href":"https:\/\/esg.erste.pl\/serwis\/wp-json\/wp\/v2\/pages\/9024\/revisions"}],"predecessor-version":[{"id":9272,"href":"https:\/\/esg.erste.pl\/serwis\/wp-json\/wp\/v2\/pages\/9024\/revisions\/9272"}],"wp:attachment":[{"href":"https:\/\/esg.erste.pl\/serwis\/wp-json\/wp\/v2\/media?parent=9024"}],"wp:term":[{"taxonomy":"sdg","embeddable":true,"href":"https:\/\/esg.erste.pl\/serwis\/wp-json\/wp\/v2\/sdg?post=9024"},{"taxonomy":"dictionary","embeddable":true,"href":"https:\/\/esg.erste.pl\/serwis\/wp-json\/wp\/v2\/dictionary?post=9024"}],"curies":[{"name":"wp","href":"https:\/\/api.w.org\/{rel}","templated":true}]}}